{"id":9965,"date":"2020-06-17T08:50:56","date_gmt":"2020-06-17T06:50:56","guid":{"rendered":"https:\/\/electroarges.ro\/?page_id=9965"},"modified":"2020-06-17T08:50:58","modified_gmt":"2020-06-17T06:50:58","slug":"inginer-electronist","status":"publish","type":"page","link":"https:\/\/electroarges.ro\/en\/inginer-electronist\/","title":{"rendered":"INGINER ELECTRONIST"},"content":{"rendered":"<p><\/p>\n<p>Cu o tradi\u021bie de peste 40 de ani \u00een domeniul produc\u021biei de aparate electrocasnice, ELECTOARGE\u0218 S.A. continu\u0103 s\u0103 se dezvolte \u0219i s\u0103-\u0219i extind\u0103 echipa.<\/p>\n<p>Suntem \u00een c\u0103utarea unui INGINER ELECTRONIST, care s\u0103 se al\u0103ture echipei noastre de speciali\u0219ti \u00een Curtea de Arge\u0219.\u00a0 Pozi\u021bia este deschis\u0103 \u00een cadrul Departamentului Tehnic \u0219i va raporta c\u0103tre Managerul Tehnic.<\/p>\n<p><em>Descrierea postului:<\/em><\/p>\n<ul>\n<li>\u00centre\u021bine din punct de vedere tehnic sistem\u0435le d\u0435 autom\u0430tizar\u0435 industrial\u0435 b\u0430zate p\u0435 \u0430c\u021bion\u0103ri \u0435l\u0435ctro-pneum\u0430tic\u0435, robo\u021bi sau \u0430lt\u0435 \u0435chip\u0430m\u0435nt\u0435;<\/li>\n<li>Asigur\u0103 utilizarea corespunz\u0103toare a echipamentelor \u0219i instalatiilor din punct de vedere electric, \u00een conformitate cu instruc\u021biunile primit\u0435 de la produc\u0103tori;<\/li>\n<li>Asigur\u0103 implementarea cu succes a proiectelor tehnice implementate \u00een cadrul fabricii;<\/li>\n<li>Particip\u0103 la \u00eentocmirea \u0219i implementarea planurilor de \u00eentre\u021binere pentru echipamentele din fabric\u0103;<\/li>\n<\/ul>\n<p><em>Cerin\u021be:<\/em><\/p>\n<ul>\n<li>Absolvent de studii superioare tehnice relevante de specialitate (ex: Inginerie industrial\u0103);<\/li>\n<li>Experien\u021b\u0103 dovedit\u0103 \u00een domeniul tehnic \/ automatiz\u0103ri industriale &#8211; minim 3 ani;<\/li>\n<li>Experien\u021b\u0103 \u00een planificarea \u0219i implementarea proiectelor tehnice;<\/li>\n<li>Experien\u021b\u0103 \u00een proiecte de \u00eembun\u0103t\u0103\u021bire continu\u0103;<\/li>\n<li>Abilit\u0103\u021bi d\u0435 comunicare, aten\u021bie la detalii, lucru \u00een echip\u0103;<\/li>\n<li>Orientat spre ob\u021binerea rezultatelor.<\/li>\n<\/ul>\n<p><\/p>","protected":false},"excerpt":{"rendered":"<p>Cu o tradi\u021bie de peste 40 de ani \u00een domeniul produc\u021biei de aparate electrocasnice, ELECTOARGE\u0218 S.A. continu\u0103 s\u0103 se dezvolte \u0219i s\u0103-\u0219i extind\u0103 echipa. Suntem \u00een c\u0103utarea unui INGINER ELECTRONIST, care s\u0103 se al\u0103ture echipei noastre de speciali\u0219ti \u00een Curtea de Arge\u0219.\u00a0 Pozi\u021bia este deschis\u0103 \u00een cadrul Departamentului Tehnic \u0219i va raporta c\u0103tre Managerul Tehnic. <a href=\"https:\/\/electroarges.ro\/en\/inginer-electronist\/\" rel=\"nofollow\"><span class=\"sr-only\">Read more about INGINER ELECTRONIST<\/span>[&hellip;]<\/a><\/p>\n","protected":false},"author":1,"featured_media":0,"parent":0,"menu_order":3,"comment_status":"closed","ping_status":"closed","template":"template-fullwidth-no-title.php","meta":{"_monsterinsights_skip_tracking":false,"_monsterinsights_sitenote_active":false,"_monsterinsights_sitenote_note":"","_monsterinsights_sitenote_category":0,"footnotes":""},"_links":{"self":[{"href":"https:\/\/electroarges.ro\/en\/wp-json\/wp\/v2\/pages\/9965"}],"collection":[{"href":"https:\/\/electroarges.ro\/en\/wp-json\/wp\/v2\/pages"}],"about":[{"href":"https:\/\/electroarges.ro\/en\/wp-json\/wp\/v2\/types\/page"}],"author":[{"embeddable":true,"href":"https:\/\/electroarges.ro\/en\/wp-json\/wp\/v2\/users\/1"}],"replies":[{"embeddable":true,"href":"https:\/\/electroarges.ro\/en\/wp-json\/wp\/v2\/comments?post=9965"}],"version-history":[{"count":2,"href":"https:\/\/electroarges.ro\/en\/wp-json\/wp\/v2\/pages\/9965\/revisions"}],"predecessor-version":[{"id":9967,"href":"https:\/\/electroarges.ro\/en\/wp-json\/wp\/v2\/pages\/9965\/revisions\/9967"}],"wp:attachment":[{"href":"https:\/\/electroarges.ro\/en\/wp-json\/wp\/v2\/media?parent=9965"}],"curies":[{"name":"wp","href":"https:\/\/api.w.org\/{rel}","templated":true}]}}