{"id":9893,"date":"2020-04-21T16:35:28","date_gmt":"2020-04-21T14:35:28","guid":{"rendered":"https:\/\/electroarges.ro\/?page_id=9893"},"modified":"2020-04-21T16:48:53","modified_gmt":"2020-04-21T14:48:53","slug":"nota-de-informare-suplimentara-covid-19","status":"publish","type":"page","link":"https:\/\/electroarges.ro\/en\/01-politica-confidentialitate\/politica-confidentialitate\/covid-19-information\/","title":{"rendered":"Additional information note COVID-19"},"content":{"rendered":"<p><strong>Additional information note regarding the processing of personal data in the context of COVID-19 virus<\/strong><\/p>\n\n\n\n<p>Avand in vedere evenimentele din ultima perioad\u0103 privind r\u0103sp\u00e2ndirea \u0219i eforturile de diminuare a efectelor virusului COVID-19 precum si necesitatea instituirii unor masuri protective, ELECTROARGES S.A, in calitate de operator de date cu caracter personal, a implementat o serie de m\u0103suri de urgen\u021b\u0103&nbsp;si de conduita sociala &nbsp;responsabila,&nbsp;care implica prelucrarea datelor cu caracter personal.<\/p>\n\n\n\n<p><strong>&nbsp;&nbsp;&nbsp; Scopul prelucarii datelor&nbsp; cu caracter personal si temeiul legal in contextul virusului COVID-19<\/strong><\/p>\n\n\n\n<p><strong>&nbsp;&nbsp;&nbsp;&nbsp;&nbsp;&nbsp;&nbsp;&nbsp;&nbsp;&nbsp; ELECTROARGES S.A, <\/strong>prelucreaza date cu caracter personal, inclusiv date privind starea de sanatate, in scopul asigurarii securitatii si sanatatii propriilor angajati&nbsp;si a persoanelor vizate, cu respectarea conditiei prevazute de art. 6 alin. (1) si art. 13 lit. a) din Legea nr. 319\/2006 securitatii si sanatatii in munca coroborat cu art.6 alin (1)lit a (consimtamantul persoanei vizate)si art. 9 (2) lit. (b) din Regulamentul nr. 679\/2016, potrivit careia&nbsp;prelucrarea este necesar\u0103 \u00een scopul \u00eendeplinirii obliga\u021biilor \u0219i al exercit\u0103rii unor drepturi specifice ale operatorului sau ale persoanei vizate \u00een domeniul ocup\u0103rii for\u021bei de munc\u0103 \u0219i al securit\u0103\u021bii sociale \u0219i protec\u021biei sociale, \u00een m\u0103sura \u00een care acest lucru este autorizat de dreptul Uniunii sau de dreptul intern ori de un acord colectiv de munc\u0103 \u00eencheiat \u00een temeiul dreptului intern care prevede &nbsp;garan\u021bii &nbsp;adecvate pentru drepturile fundamentale \u0219i interesele persoanei vizate.<\/p>\n\n\n\n<p><strong>&nbsp;&nbsp;&nbsp;&nbsp;&nbsp;&nbsp;&nbsp;&nbsp;&nbsp;&nbsp;&nbsp; <\/strong>Necesitatea prelucrarii datelor rezulta si din informarile, recomandarile si masurile de protectie dispuse de catre Ministerul Sanatatii prin Ordinul nr. 414\/2020 privind instituirea m\u0103surii de carantin\u0103 pentru persoanele aflate in situatia de urgenta publica internationala determinata de infectia cu COVID-19.<\/p>\n\n\n\n<p><strong>Datele cu caracter personal pe care le prelucaram in aceasta situatie<\/strong><\/p>\n\n\n\n<p>Procedam la prelucrarea datelor cu caracter personal strict necesare pentru a putea implementa cele mai potrivite masuri de s\u0103n\u0103tate si securitate a angaja\u021bilor nostri sau personelor vizate, precum: nume, prenume, serie si numar act de identitate, numar telefon, semnatura, date privind existenta sau inexistenta starii de carantina sau autoizolare, informatii privind expunerea la riscul COVID-19 prin efectuarea de calatorii in zonele cu risc (Zona Rosie si Zona Galbena) dispuse de autoritatile publice sau prin intrarea in contact direct cu persoane care s-au expus la riscul COVID-19 prin calatorii in ultimele 14 zile in zone cu transmitere comunitara extinsa sau regiuni din zonele afectate de COVID-19 sau care prezinta simptomele specifice virusului.<\/p>\n\n\n\n<p>Astfel, ELECTROARGES S.A prelucreaza date cu privire la starea dumneavoastra de sanatate in momentul in care urmeaza a se stabili o intalnire care implica o interactiune directa cu dumnevoastra (spre exemplu: pentru livrarea unor produse, pentru un interviu, alta actiune care implica contact fizic direct cu dumnevoastra).<\/p>\n\n\n\n<p><strong>Pastrarea<\/strong> <strong>confidentialitatii datelor si destinatarii datelor cu caracter personal<\/strong><\/p>\n\n\n\n<p>Datele&nbsp;dumneavoastra cu caracter personal vor fi colectate doar de catre angajatii companiei care necesita sa cunoasca astfel de informatii avand in vedere responsabilitatile acestora, cu respectarea cerintelor politicilor si procedurilor noastre interne, dar si a prevederilor legislatiei aplicabile in materie.<\/p>\n\n\n\n<p>&nbsp;&nbsp;&nbsp;&nbsp;&nbsp;&nbsp;&nbsp;&nbsp;&nbsp;&nbsp;&nbsp; Destinatarii datelor cu caracter personal ar putea include si diverse categorii de imputerniciti ai companiei care efectueaza activitati de prelucarea a datelor in baza raporturilor contractuale respectiv: auditori, consultant, sau institutii, inclusiv&nbsp;institutii cu competente in realizarea de inspectii si controale asupra activitatii si activelor companiei.<\/p>\n\n\n\n<p><strong>Transferul datelor cu caracter personal in strainatate<\/strong><\/p>\n\n\n\n<p>Datele dumneavoastra cu caracter personal colecate in scopul mentionat prin prezenta Nota,&nbsp; nu vor fi transferate in afara Spatiului Economic European.<\/p>\n\n\n\n<p>&nbsp;&nbsp;&nbsp;&nbsp;&nbsp;&nbsp;&nbsp;&nbsp;&nbsp;&nbsp;&nbsp; <strong>Durata de timp stabilita pentru pastrarea datele &nbsp;furnizate<\/strong><\/p>\n\n\n\n<p>Datele dumneavoastra cu caracter personal prelucrate in aceasta situatie speciala vor fi pastrate timp de 30 de zile dupa incetarea starii de urgenta. &nbsp;Dupa expirarea acestei durate, datele dumneavoastra vor fi sterse, atat timp cat nu mai sunt necesare pentru alte scopuri, in conformitate cu legile aplicabile, inclusiv in scopul indeplinirii oricaror cerinte&nbsp;legale, de reglementare, contabile, de raportare, de arhivare ori pentru protejarea unui drept in justitie, pe care societatea le va putea avea.<\/p>\n\n\n\n<p><strong>Securitatea prelucrarii datelor<\/strong><\/p>\n\n\n\n<p>Va asiguram ca analizam si actualizam &nbsp;in mod constant masurile de securitate implementate pentru a asigura o prelucrare a datelor cu caracter personal in conditii de siguranta si securitate.<\/p>\n\n\n\n<p><strong>Drepturile&nbsp; dumneavoastra legate de datele prelucrate<\/strong><\/p>\n\n\n\n<p>&nbsp;In concordanta cu prevederile Regulamentului (UE)nr.679\/2016 privind protec\u021bia persoanelor \u00een ceea ce prive\u0219te prelucrarea datelor cu caracter personal \u0219i libera circula\u021bie a acestor date aveti dreptul de a solicita oricand accesarea (puteti afla ce date prelucram despre dumneavoastra), rectificarea (atunci cand nu mai sunt de actualitate) sau stergerea datelor dumneavoastra cu caracter personal, precum si restrictionarea prelucrarii acestora (de ex. atunci cand contestati exactitatea datelor &nbsp;dumneavoastra, pe perioada de timp in care vom verifica exactitatea datelor) sau dreptul de a va opune prelucrarii de catre noi a datelor cu caracter personal.<\/p>\n\n\n\n<p>&nbsp;&nbsp;&nbsp;&nbsp;&nbsp;&nbsp;&nbsp;&nbsp;&nbsp;&nbsp;&nbsp; &nbsp;Pentru situatia in care ne furnizati datele cu caracter personal ale unor terte parti, trebuie sa va asigurati ca notificati terta persoana inainte de a ne comunica datele sale personale, prezentandu-i acesteia prezenta Nota de Informare.<\/p>\n\n\n\n<p>&nbsp;Solicitarile legate de drepturi dumneavoastra trebuie depuse in scris folosind urmatorele date de contact : adresa companiei din jud. Arges, loc. Curtea de Arges, str.Albesti, nr.12, sau e- mail: dataprotection@electroarges.ro<\/p>\n\n\n\n<p>De asemenea puteti depune o plangere la autoritatea de supraveghere a protectiei datelor din tara ta de resedinta. In Romania, autoritatea de supraveghere este Autoritatea Nationala de Supraveghere a Prelucrarii Datelor cu Caracter Personal.<\/p>\n\n\n\n<p><strong>Date de contact ELECTROARGES S.A<\/strong>: <strong>in Str. Albe\u0219ti, nr. 12, Curtea de Arge\u0219, jud. Arge\u0219<\/strong><\/p>","protected":false},"excerpt":{"rendered":"<p>Additional information note regarding the processing of personal data in the context of COVID-19 virus Avand in vedere evenimentele din ultima perioad\u0103 privind r\u0103sp\u00e2ndirea \u0219i eforturile de diminuare a efectelor virusului COVID-19 precum si necesitatea instituirii unor masuri protective, ELECTROARGES S.A, in calitate de operator de date cu caracter personal, a implementat o serie de <a href=\"https:\/\/electroarges.ro\/en\/01-politica-confidentialitate\/politica-confidentialitate\/covid-19-information\/\" rel=\"nofollow\"><span class=\"sr-only\">Read more about Additional information note COVID-19<\/span>[&hellip;]<\/a><\/p>\n","protected":false},"author":1,"featured_media":0,"parent":2727,"menu_order":0,"comment_status":"closed","ping_status":"closed","template":"","meta":{"_monsterinsights_skip_tracking":false,"_monsterinsights_sitenote_active":false,"_monsterinsights_sitenote_note":"","_monsterinsights_sitenote_category":0,"footnotes":""},"_links":{"self":[{"href":"https:\/\/electroarges.ro\/en\/wp-json\/wp\/v2\/pages\/9893"}],"collection":[{"href":"https:\/\/electroarges.ro\/en\/wp-json\/wp\/v2\/pages"}],"about":[{"href":"https:\/\/electroarges.ro\/en\/wp-json\/wp\/v2\/types\/page"}],"author":[{"embeddable":true,"href":"https:\/\/electroarges.ro\/en\/wp-json\/wp\/v2\/users\/1"}],"replies":[{"embeddable":true,"href":"https:\/\/electroarges.ro\/en\/wp-json\/wp\/v2\/comments?post=9893"}],"version-history":[{"count":4,"href":"https:\/\/electroarges.ro\/en\/wp-json\/wp\/v2\/pages\/9893\/revisions"}],"predecessor-version":[{"id":9902,"href":"https:\/\/electroarges.ro\/en\/wp-json\/wp\/v2\/pages\/9893\/revisions\/9902"}],"up":[{"embeddable":true,"href":"https:\/\/electroarges.ro\/en\/wp-json\/wp\/v2\/pages\/2727"}],"wp:attachment":[{"href":"https:\/\/electroarges.ro\/en\/wp-json\/wp\/v2\/media?parent=9893"}],"curies":[{"name":"wp","href":"https:\/\/api.w.org\/{rel}","templated":true}]}}