{"id":2727,"date":"2018-12-18T10:12:13","date_gmt":"2018-12-18T08:12:13","guid":{"rendered":"https:\/\/electroarges.ro\/?page_id=2727"},"modified":"2020-04-21T16:49:55","modified_gmt":"2020-04-21T14:49:55","slug":"politica-confidentialitate","status":"publish","type":"page","link":"https:\/\/electroarges.ro\/en\/01-politica-confidentialitate\/politica-confidentialitate\/","title":{"rendered":"Privacy Policy"},"content":{"rendered":"<p><strong>Privacy Policy<\/strong><\/p>\n\n\n\n<p>\u00ce\u021bi\nmul\u021bumim pentru interesul fa\u021b\u0103 de compania noastr\u0103, produsele \u0219i\/sau\nserviciile. C\u00e2nd intri \u00eentr-o rela\u021bie de orice fel cu noi, ne \u00eencredin\u021bezi\ninforma\u021biile tale.<\/p>\n\n\n\n<p>Scopul\nacestei Politici de confiden\u021bialitate este s\u0103 \u00ee\u021bi explice ce date prelucr\u0103m, de\nce le prelucr\u0103m \u0219i ce facem cu ele. \u00ce\u021bi lu\u0103m \u00een serios confiden\u021bialitatea \u0219i nu\nvindem niciodat\u0103 liste sau adrese de e-mail. Fiind pe deplin con\u0219tien\u021bi de\nfaptul c\u0103 informa\u021biile personale \u00ee\u021bi apar\u021bin, facem tot posibilul s\u0103 le stoc\u0103m\n\u00een siguran\u021b\u0103 \u0219i s\u0103 le prelucr\u0103m cu aten\u021bie. Nu oferim informa\u021bii unor p\u0103r\u021bi\nter\u021be f\u0103r\u0103 a te informa. Aceste informa\u021bii sunt importante. Sper\u0103m s\u0103 le\ncite\u0219ti cu aten\u021bie.<\/p>\n\n\n\n<p>Aceast\u0103\nnot\u0103 te informeaz\u0103 despre informa\u021biile pe care le proces\u0103m \u00een leg\u0103tur\u0103 cu tine\n\u00een rela\u021bie cu organiza\u021bia noastr\u0103. \u00cen colectarea acestor informa\u021bii, noi\nac\u021bion\u0103m \u00een calitate de operator \u0219i, prin lege, suntem obliga\u021bi s\u0103 \u00ee\u021bi furniz\u0103m\ninforma\u021bii despre noi, despre motivul \u0219i modul \u00een care folosim datele tale \u0219i\ndespre drepturile pe care le ai asupra datelor tale.<\/p>\n\n\n\n<p><strong>Alte Servicii<\/strong><\/p>\n\n\n\n<p>Aceast\u0103\nPolitic\u0103 de confiden\u021bialitate nu acoper\u0103 aplica\u021biile \u0219i site-urile altor ter\u021bi\nla care po\u021bi ajunge prin accesarea link-urilor de pe site-ul nostru. Acest lucru\nexcedeaz\u0103 controlului nostru. Te \u00eencuraj\u0103m s\u0103 examinezi Politica de\nconfiden\u021bialitate de pe orice site \u0219i\/sau aplica\u021bie \u00eenainte de a furniza date\npersonale.<\/p>\n\n\n\n<p><strong>Cine suntem noi?<\/strong><\/p>\n\n\n\n<p>ELECTROARGES\nS.A., cu sediul \u00een Curtea de Arges, \u00eenregistrat\u0103 la Registrul Comer\u021bului sub\nnr. J03\/257\/1991, cod fiscal RO 156027, este responsabil\u0103 de prelucrarea\ndatelor tale cu caracter personal pe care le colect\u0103m direct de la tine sau din\nalte surse.<\/p>\n\n\n\n<p>Potrivit\nlegisla\u021biei, compania noastr\u0103, este operator de date cu caracter personal.\nPentru ca datele tale s\u0103 fie prelucrate \u00een siguran\u021b\u0103, am depus toate eforturile\ns\u0103 implement\u0103m m\u0103suri rezonabile pentru a proteja informa\u021biile tale personale.<\/p>\n\n\n\n<p><strong>Cine esti tu?<\/strong><\/p>\n\n\n\n<p>Potrivit legisla\u021biei, tu, persoana fizic\u0103 sau juridic\u0103 beneficiar\u0103 a\nserviciilor noastre, reprezentantul ori persoana de contact a unei companii sau\npersoana aflat\u0103 \u00eentr-o rela\u021bie de orice fel cu compania noastr\u0103, e\u0219ti o&nbsp;<em>\u201e<strong>persoan\u0103&nbsp;vizat\u0103<\/strong>\u201d,<\/em>adic\u0103 o persoan\u0103 fizic\u0103\nidentificat\u0103 sau identificabil\u0103. Pentru a fi complet transparen\u021bi \u00een privin\u021ba\nprelucr\u0103rii de date \u0219i pentru a-\u021bi permite s\u0103 \u00ee\u021bi exerci\u021bi cu u\u0219urin\u021b\u0103, \u00een\norice moment, drepturile, am implementat m\u0103suri pentru a facilita comunicarea\ndintre noi, operatorul de date \u0219i tu, persoana vizat\u0103.<\/p>\n\n\n\n<p><strong>Angajamentul\nNostru<\/strong><\/p>\n\n\n\n<p>Protec\u021bia\ninforma\u021biilor tale personale este foarte important\u0103 pentru noi. De aceea, ne-am\nluat angajamentul s\u0103 respect\u0103m legisla\u021bia european\u0103 \u0219i na\u021bional\u0103 privind\nprotec\u021bia datelor cu caracter personal, \u00een special Regulamentul (EU) 679\/2016,\ncunoscut \u0219i sub denumirea de GDPR \u0219i urm\u0103toarele principii:<\/p>\n\n\n\n<ul><li><strong>Legalitate,\n     echitate&nbsp;\u0219i transparen\u021b\u0103<\/strong><\/li><\/ul>\n\n\n\n<p>Prelucr\u0103m\ndatele tale legal \u0219i corect. Suntem \u00eentotdeauna transparen\u021bi \u00een privin\u021ba\ninforma\u021biilor pe care utiliz\u0103m, iar tu e\u0219ti informat corespunz\u0103tor.<\/p>\n\n\n\n<ul><li><strong>Controlul \u00ee\u021bi apar\u021bine<\/strong><\/li><\/ul>\n\n\n\n<p>\u00cen\nlimitele legii, \u00ee\u021bi oferim posibilitatea de examina, modifica, \u0219terge datele\npersonale pe care le-ai \u00eemp\u0103rt\u0103\u0219it cu noi \u0219i de a-\u021bi exercita celelalte\ndrepturi.<\/p>\n\n\n\n<ul><li><strong>Integritatea\n     datelor&nbsp;\u0219i limitarea scopului<\/strong><\/li><\/ul>\n\n\n\n<p>Utiliz\u0103m\ndatele numai \u00een scopurile descrise la momentul colect\u0103rii sau \u00een noi scopuri\ncompatibile cu cele ini\u021biale. \u00cen toate cazurile, scopurile noastre sunt\ncompatibile cu legisla\u021bia. Lu\u0103m m\u0103suri rezonabile pentru a ne asigura c\u0103 datele\npersonale sunt corecte, complete \u0219i actualizate.<\/p>\n\n\n\n<ul><li><strong>Securitate<\/strong><\/li><\/ul>\n\n\n\n<p>Am\nimplementat m\u0103suri rezonabile de securitate \u0219i criptare, astfel \u00eenc\u00e2t s\u0103 \u00ee\u021bi\nprotej\u0103m c\u00e2t mai bine informa\u021biile. Cu toate acestea, re\u021bine faptul c\u0103 niciun\nsite web, nicio aplica\u021bie \u0219i nicio conexiune la internet nu este complet\nsigur\u0103.<\/p>\n\n\n\n<p><strong>Schimbari<\/strong><\/p>\n\n\n\n<p>Putem schimba\nsi imbunatatii aceast\u0103 Politic\u0103 de confiden\u021bialitate \u00een orice moment. Toate\nactualiz\u0103rile \u0219i modific\u0103rile prezentei Politici sunt valabile imediat dup\u0103\nnotificare, pe care o vom realiza prin afi\u0219are pe site \u0219i\/sau notificare pe\ne-mail.<\/p>\n\n\n\n<p><strong>\u00centrebari si solicitari<\/strong><\/p>\n\n\n\n<p>Dac\u0103 ai\n\u00eentreb\u0103ri sau nel\u0103muriri cu privire la prelucrarea datelor tale sau dore\u0219ti s\u0103\n\u00ee\u021bi exerci\u021bi drepturile legale \u00een leg\u0103tur\u0103 cu datele &nbsp;pe care le de\u021binem\nsau dac\u0103 ai \u00eengrijor\u0103ri cu privire la modul \u00een care trat\u0103m orice problem\u0103 de\nconfiden\u021bialitate, ne po\u021bi scrie la adresa de e-mail: dataprotection@electroarges.ro<\/p>\n\n\n\n<p><strong>Informatiile\nTale<\/strong><\/p>\n\n\n\n<p><strong>Ce fel de informatii colectam despre\ntine?<\/strong><\/p>\n\n\n\n<p>Atunci\nc\u00e2nd navighezi pe site-ul nostru, c\u00e2nd ne transmi\u021bi o solicitare pe e-mail sau\nne contactezi \u00een orice alt scop \u0219i pe orice alt canal de comunicare, ne vei\ncomunica urm\u0103toarele date personale, pe care le colect\u0103m direct de la tine sau\ndin alte surse, cum ar fi:<\/p>\n\n\n\n<ul><li>Numele \u0219i prenumele<\/li><li>Adresa de e-mail<\/li><li>Num\u0103rul de telefon<\/li><\/ul>\n\n\n\n<p>Este\nposibil s\u0103 colect\u0103m date prin module cookie sau alte tehnologii similare,\nprecum:<\/p>\n\n\n\n<ul><li>Adresa IP<\/li><li>Navigatorul de internet<\/li><li>Loca\u021bia<\/li><li>Paginile web pe care le accesezi pe\n     site-ul nostru<\/li><\/ul>\n\n\n\n<p><strong>De ce colectam aceste informatii?<\/strong><\/p>\n\n\n\n<p>C\u00e2nd\ninterac\u021bionezi \u00een orice fel cu noi este posibil s\u0103 ne dai sau s\u0103 primim din\nalte surse informa\u021bii precum:<\/p>\n\n\n\n<ul><li>\u00cen vederea \u00eencheierii sau execut\u0103rii\n     unui contract dintre tine \u0219i noi;<\/li><li>Pentru a-\u021bi r\u0103spunde la \u00eentreb\u0103ri \u0219i\n     solicit\u0103ri;<\/li><li>\u00cen scop de marketing, \u00eens\u0103 doar \u00een\n     situa\u021bia \u00een care avem consim\u021b\u0103m\u00e2ntul t\u0103u prealabil;<\/li><li>Pentru a oferi \u0219i \u00eembun\u0103t\u0103\u021bi serviciile\n     \u0219i produsele pe care le oferim;<\/li><li>Pentru a diagnostica sau a remedia\n     probleme tehnice;<\/li><li>Pentru a ne ap\u0103ra \u00eempotriva atacurilor\n     cibernetice;<\/li><li>Pentru crearea \u0219i\/sau mentenan\u021ba\n     conturilor;<\/li><li>Pentru a ne conforma legisla\u021biei;<\/li><li>Pentru constatarea sau revendicarea\n     unui drept \u00een instan\u021b\u0103;<\/li><\/ul>\n\n\n\n<p><strong>Care este temeiul legal pentru\nprelucrare?<\/strong><\/p>\n\n\n\n<ul><li><strong>\u021ai-ai\n     dat consim\u021b\u0103m\u00e2ntul pentru prelucrarea datelor cu caracter personal<\/strong><\/li><\/ul>\n\n\n\n<p>Re\u021bine c\u0103 \u00ee\u021bi po\u021bi retrage \u00een orice moment consim\u021b\u0103m\u00e2ntul prin urmarea instruc\u021biunilor\nde dezabonare (\u201e<em>unsubscribe<\/em>\u201d) din fiecare e-mail\nsau prin transmiterea unei cereri scrise la adresa de e-mail\ndataprotection@electroarges.ro<\/p>\n\n\n\n<ul><li><strong>Prelucrarea este\n     necesar\u0103&nbsp;pentru \u00eencheierea sau executarea unui contract \u00eentre\n     tine&nbsp;\u0219i noi<\/strong><\/li><li><strong>Prelucrarea este\n     necesar\u0103&nbsp;\u00een scopul intereselor noastre legitime <\/strong><strong><\/strong><\/li><\/ul>\n\n\n\n<p><strong>C\u00e2t timp stocam datele?<\/strong><\/p>\n\n\n\n<p>Stoc\u0103m\ndatele cu caracter personal doar pe perioada necesar\u0103 \u00eendeplinirii scopurilor,\ndar nu mai mult de 5 ani de la \u00eencetarea contractului sau ultima interac\u021biune\ncu noi.<\/p>\n\n\n\n<p>Dup\u0103\n\u00eencheierea perioadei, datele cu caracter personal vor fi distruse sau \u0219terse\ndin sistemele informatice .<\/p>\n\n\n\n<p>Re\u021bine\nfaptul c\u0103 \u00een anumite situa\u021bii expres reglementate, stoc\u0103m datele pe perioada\ncare ne este impus\u0103 de lege, de exemplu Legea nr.16\/1995 privind arhivarea.<\/p>\n\n\n\n<p><strong>Cum partajam informatiile tale cu\nceilalti?<\/strong><\/p>\n\n\n\n<p>Putem\ndezv\u0103lui datele tale, respect\u00e2nd legea aplicabil\u0103, departamentelor interne ale\nsocietatii, partenerilor de afaceri sau altor ter\u021bi. Depunem \u00een permanen\u021b\u0103\neforturi rezonabile pentru a ne asigura c\u0103 ace\u0219ti ter\u021bi au implementate m\u0103suri\nadecvate de protec\u021bie \u0219i securitate. Cu ace\u0219ti ter\u021bi avem clauze contractuale\nastfel \u00eenc\u00e2t datele tale s\u0103 fie protejate. Te vom informa cu privire la\nidentitatea acestor companii \u00eenainte de transmitere sau \u00eentr-un termen\nrezonabil \u0219i ne vom asigura c\u0103 orice transfer este legitim, av\u00e2nd la baz\u0103\nconsim\u021b\u0103m\u00e2ntul t\u0103u sau alt temei juridic.<\/p>\n\n\n\n<p>De\nexemplu, am putea furniza datele tale c\u0103tre alte companii, precum furnizorii de\nservicii IT sau telecomunica\u021bii, contabilitate, servicii juridice \u0219i al\u021bi ter\u021bi\ncu care avem o rela\u021bie contractual\u0103. Ace\u0219ti ter\u021bi sunt selecta\u021bi cu o grij\u0103\ndeosebit\u0103 astfel \u00eenc\u00e2t datele tale s\u0103 fie prelucrate doar \u00een scopurile pe care\nnoi le indic\u0103m.<\/p>\n\n\n\n<p>De\nasemenea, am putea partaja datele tale c\u0103tre parteneri de afaceri ca urmare a\nunui efort comun de a oferi un produs sau un serviciu.<\/p>\n\n\n\n<p>De\u0219i\npu\u021bin probabil, am putea vinde \u00een viitor afacerea sau o parte a afacerii,\nsitua\u021bie care va include transferul datelor tale.<\/p>\n\n\n\n<p>Putem\ntransmite datele \u0219i altor p\u0103r\u021bi av\u00e2nd consim\u021b\u0103m\u00e2ntul sau potrivit\ninstruc\u021biunilor tale.&nbsp;<\/p>\n\n\n\n<p>Vom\nputea, de asemenea, furniza informa\u021biile tale cu caracter personal \u0219i c\u0103tre\nparchet, poli\u021bie, instan\u021bele judec\u0103tore\u0219ti \u0219i alte organe abilitate ale\nstatului, \u00een baza \u0219i \u00een limitele prevederilor legale \u0219i ca urmare a unor cereri\nexpres formulate.<\/p>\n\n\n\n<p>Ne vom\nasigura, \u00een limite rezonabile, c\u0103 datele tale nu p\u0103r\u0103sesc Spa\u021biul Economic\nEuropean, \u00eens\u0103, \u00een m\u0103sura \u00een care vom transfera date c\u0103tre state din afara SEE,\nne vom asigura, \u00een toate cazurile, c\u0103 transferurile sunt legitime, av\u00e2nd la\nbaza consim\u021b\u0103m\u00e2ntul t\u0103u explicit sau alt temei legal.<\/p>\n\n\n\n<p><strong>Care sunt\ndrepturile tale?<\/strong><\/p>\n\n\n\n<p>Drepturile\ntale conform Regulamentului GDPR sunt urm\u0103toarele:<\/p>\n\n\n\n<ul><li>Dreptul de\n     retragere a consim\u021b\u0103m\u00e2ntului<\/li><li>Dreptul de a fi\n     informat cu privire la prelucrarea datelor tale<\/li><li>Dreptul de acces\n     asupra datelor<\/li><li>Dreptul de a\n     rectifica datele inexacte sau incomplete<\/li><li>Dreptul de\n     \u0219tergere (\u201e<em>dreptul de a fi uitat<\/em>\u201d)<\/li><li>Dreptul la\n     restric\u021bionarea prelucr\u0103rii<\/li><li>Dreptul de a\n     transmite datele pe care le avem despre tine c\u0103tre alt operator<\/li><li>Dreptul de a te\n     opune prelucr\u0103rii datelor<\/li><li>Dreptul de a nu\n     face obiectul unei decizii bazate exclusiv pe prelucrarea automat\u0103,\n     inclusiv crearea de profiluri<\/li><li>Dreptul de a te\n     adresa justi\u021biei<\/li><li>Dreptul de o\n     pl\u00e2ngere \u00een fa\u021ba unei Autorit\u0103\u021bi de Supraveghere<\/li><\/ul>\n\n\n\n<p>Te rug\u0103m s\u0103&nbsp;<strong>re\u021bii<\/strong>&nbsp;c\u0103:<\/p>\n\n\n\n<ul><li>\u00ce\u021bi po\u021bi retrage consim\u021b\u0103m\u00e2ntul pentru marketing direct \u00een orice      moment prin urmarea instruc\u021biunilor de dezabonare din fiecare e-mail\/sms      sau alt mesaj electronic.<\/li><li>Dac\u0103 vrei s\u0103 \u00ee\u021bi exerci\u021bi drepturile, o po\u021bi face prin transmiterea      unei cereri scrise, semnate \u0219i datate la adresa de e-mail:      dataprotection @ electroarges.ro.<\/li><li>Drepturile enumerate mai sus nu sunt absolute. Exist\u0103 excep\u021bii, de      aceea fiecare cerere primite va fi analizat\u0103 astfel \u00eenc\u00e2t s\u0103 decidem dac\u0103      este \u00eentemeiat\u0103 sau nu. \u00cen m\u0103sura \u00een carecererea este \u00eentemeiat\u0103, \u00ee\u021bi vom      facilita exercitarea drepturilor. Dac\u0103 cererea este ne\u00eentemeiat\u0103, o vom respinge,      \u00eens\u0103 te vom informa asupra motivelor refuzului \u0219i asupra drepturilor de a      depune o pl\u00e2ngere la Autoritatea de Supraveghere \u0219i de a te adresa      justi\u021biei.<\/li><li>Vom \u00eencerca s\u0103 r\u0103spundem solicit\u0103rii \u00een termen de 30 de zile. Cu toate      acestea, termenul poate fi prelungit \u00een func\u021bie de diferite aspecte,      precum complexitatea cererii, num\u0103rul mare de cereri primite sau      imposibilitatea de a te identifica \u00eentr-un termen util.<\/li><li>Dac\u0103, de\u0219i depunem toate eforturile, nu reu\u0219im s\u0103 te identific\u0103m, iar      tu nu ne furnizezi informa\u021bii suplimentare pentru a reu\u0219i s\u0103 te      identific\u0103m, nu suntem obliga\u021bi s\u0103 d\u0103m curs solicit\u0103rii.<\/li><\/ul>\n\n\n\n<p><strong>\u00centrebari,\nsolicitari si exercitarea drepturilor<\/strong><\/p>\n\n\n\n<p>Dac\u0103 ai \u00eentreb\u0103ri sau nel\u0103muriri cu privire la prelucrarea informa\u021biilor tale sau dore\u0219ti s\u0103 \u00ee\u021bi exerci\u021bi drepturile legale sau ai orice alt\u0103 \u00eengrijorare cu privire la confiden\u021bialitate, ne po\u021bi scrie la adresa de e-mail&nbsp;dataprotection@electroarges.ro, de asemenea poti utiliza formulatul solicitare \/plangere privind&nbsp; prelucrarea datelor cu caracter personal.<a href=\"https:\/\/electroarges.ro\/wp-content\/uploads\/2019\/09\/politica-de-confidentialitate.pdf\">( clic aici)<\/a><\/p>","protected":false},"excerpt":{"rendered":"<p>Privacy Policy \u00ce\u021bi mul\u021bumim pentru interesul fa\u021b\u0103 de compania noastr\u0103, produsele \u0219i\/sau serviciile. C\u00e2nd intri \u00eentr-o rela\u021bie de orice fel cu noi, ne \u00eencredin\u021bezi informa\u021biile tale. Scopul acestei Politici de confiden\u021bialitate este s\u0103 \u00ee\u021bi explice ce date prelucr\u0103m, de ce le prelucr\u0103m \u0219i ce facem cu ele. \u00ce\u021bi lu\u0103m \u00een serios confiden\u021bialitatea \u0219i nu vindem <a href=\"https:\/\/electroarges.ro\/en\/01-politica-confidentialitate\/politica-confidentialitate\/\" rel=\"nofollow\"><span class=\"sr-only\">Read more about Privacy Policy<\/span>[&hellip;]<\/a><\/p>\n","protected":false},"author":1,"featured_media":0,"parent":9898,"menu_order":0,"comment_status":"closed","ping_status":"closed","template":"","meta":{"_monsterinsights_skip_tracking":false,"_monsterinsights_sitenote_active":false,"_monsterinsights_sitenote_note":"","_monsterinsights_sitenote_category":0,"footnotes":""},"_links":{"self":[{"href":"https:\/\/electroarges.ro\/en\/wp-json\/wp\/v2\/pages\/2727"}],"collection":[{"href":"https:\/\/electroarges.ro\/en\/wp-json\/wp\/v2\/pages"}],"about":[{"href":"https:\/\/electroarges.ro\/en\/wp-json\/wp\/v2\/types\/page"}],"author":[{"embeddable":true,"href":"https:\/\/electroarges.ro\/en\/wp-json\/wp\/v2\/users\/1"}],"replies":[{"embeddable":true,"href":"https:\/\/electroarges.ro\/en\/wp-json\/wp\/v2\/comments?post=2727"}],"version-history":[{"count":12,"href":"https:\/\/electroarges.ro\/en\/wp-json\/wp\/v2\/pages\/2727\/revisions"}],"predecessor-version":[{"id":9903,"href":"https:\/\/electroarges.ro\/en\/wp-json\/wp\/v2\/pages\/2727\/revisions\/9903"}],"up":[{"embeddable":true,"href":"https:\/\/electroarges.ro\/en\/wp-json\/wp\/v2\/pages\/9898"}],"wp:attachment":[{"href":"https:\/\/electroarges.ro\/en\/wp-json\/wp\/v2\/media?parent=2727"}],"curies":[{"name":"wp","href":"https:\/\/api.w.org\/{rel}","templated":true}]}}